{"id":17565,"date":"2023-06-13T01:57:19","date_gmt":"2023-06-13T05:57:19","guid":{"rendered":"https:\/\/keepontracking.com\/?page_id=17565"},"modified":"2023-08-11T12:34:40","modified_gmt":"2023-08-11T16:34:40","slug":"process","status":"publish","type":"page","link":"https:\/\/keepontracking.com\/es\/process\/","title":{"rendered":"Proceso"},"content":{"rendered":"<h1>\n\t\t\tSonitrax\n\t\t<\/h1>\n\t\t\t\t\t\t\t<img decoding=\"async\" src=\"https:\/\/keepontracking.com\/wp-content\/uploads\/2023\/06\/new_03.webp\" alt=\"Sonitrax\" class=\"no-lazyload\" \/>\n\t\t\t<p>A continuaci\u00f3n se muestran algunas de las funciones que ofrece <strong>Sonitrax<\/strong><\/p>\t\t\n\t<ul>\n\t\t\t<li>\n\t\t\t\tLoad ticket scanning with the company logo; tickets provide a receipt for the driver (You&#8217;re paperless).\n\t\t\t<\/li>\n\t\t\t<li>\n\t\t\t\tM\u00f3dulo Cantera\u2122: escaneo de tickets de cantera (c\u00f3digo QR) de cualquier proveedor de materiales.\n\t\t\t<\/li>\n\t\t\t<li>\n\t\t\t\tPaveTrax\u2122 escanea camiones de asfalto (c\u00f3digos QR de la planta o proporciona recibo de ticket de carga).\n\t\t\t<\/li>\n\t\t\t<li>\n\t\t\t\tPaverTrax\u2122 escanea camiones de asfalto (c\u00f3digos QR de la planta o proporciona recibo de ticket de carga).\n\t\t\t<\/li>\n\t\t<\/ul>\n\t<ul>\n\t\t\t<li>\n\t\t\t\tFuelPath\u2122 proporciona datos precisos sobre el consumo de combustible para todos sus equipos en el campo.\n\t\t\t<\/li>\n\t\t\t<li>\n\t\t\t\tSonitrax\u2122 es el sistema de rastreo de camiones de \u00faltima generaci\u00f3n. Sonitrax es web y port\u00e1til. Su r\u00e1pida y sencilla implementaci\u00f3n facilita el acceso a la informaci\u00f3n del proyecto. \u00a1Nuestros clientes han ahorrado m\u00e1s de $500,000 en sus primeros proyectos!<strong> Sonitrax<\/strong>Usted simplemente compra el hardware y los tickets, y nosotros alojamos y mantenemos los datos para usted por una peque\u00f1a tarifa de acceso mensual basada en su volumen.\n\t\t\t<\/li>\n\t\t<\/ul>\n\t\t\t\t\t\t\t\t\t<img decoding=\"async\" src=\"https:\/\/keepontracking.com\/wp-content\/uploads\/2023\/07\/Haul-Cycle.jpg\" alt=\"a diagram of the haul cycle process.\" itemprop=\"image\" height=\"720\" width=\"1280\" srcset=\"https:\/\/keepontracking.com\/wp-content\/uploads\/2023\/07\/Haul-Cycle.jpg 1280w, https:\/\/keepontracking.com\/wp-content\/uploads\/2023\/07\/Haul-Cycle-300x169.jpg 300w, https:\/\/keepontracking.com\/wp-content\/uploads\/2023\/07\/Haul-Cycle-1024x576.jpg 1024w, https:\/\/keepontracking.com\/wp-content\/uploads\/2023\/07\/Haul-Cycle-768x432.jpg 768w\" sizes=\"(max-width: 1280px) 100vw, 1280px\" title=\"Haul Cycle\" onerror=\"this.style.display='none'\" class=\"no-lazyload\" \/>\n\t\t<h2>\n\t\t\t\u00bfC\u00f3mo funciona Sonitrax?\n\t\t<\/h2>\n\t\t\t\t\t\t\t<img decoding=\"async\" src=\"https:\/\/keepontracking.com\/wp-content\/uploads\/2023\/06\/new_03.webp\" alt=\"How Does Sonitrax Work?\" class=\"no-lazyload\" \/>\n\t\t\n\t\t\t<p><strong>Sonitrax<\/strong>\u00a0links field data, truck-mounted RFID Tags, portable scanners, and bar-coded tickets to automate the process of tracking and accounting for loads of material during excavation, construction, or disaster relief. The system monitors material types, cubic yards, site locations, scan operators&#8217; names, and more. Each truck in your operation will be registered and marked with a unique RFID tag for scanning. As trucks load and dump material, your hand-held scanner waves over the RFID tag and gathers delivery information in an instant. With each scan, there is a date and time stamp (to the second), giving you complete control over your operation. The Sonitrax\u2122 assists with driver accountability and input errors and reduces input costs and litigation.<\/p>\t\t\n\t\t\n\t\t\t<p><strong>Sonitrax<\/strong>\u00a0Web service provides detailed reports which can be exported to many formats, including Microsoft Excel, and customized to meet each unique user&#8217;s needs. With cross-platform accessibility, simply log in from any device at any time of the day or night. Scanners are designed to synchronize on demand, saving battery life while having the data at your fingertips instantly with each synchronization! This state-of-art technology utilizes the cloud&#8217;s comprehensive data centers to safely store and maintain your data while having accessibility at any time or place you desire. Sonitrax\u2122 was created by a civil engineer with an in-depth understanding of project hauling operations and the losses associated with independent truck hauling.<\/p>\t\t\n\t<a href=\"\/es\/contact-us\/\" target=\"_self\" role=\"button\" aria-label=\"Descubra m\u00e1s\" rel=\"noopener\">\n\t\t\t\t\t\tDescubra m\u00e1s\n\t\t\t\t\t<\/a>","protected":false},"excerpt":{"rendered":"<p>Sonitrax Here are some of the features provided by Sonitrax Load ticket scanning with the company logo; tickets provide a receipt for the driver (You&#8217;re paperless). Quarry Module\u2122 quarry ticket (QR code) scanning from any material supplier. PaveTrax\u2122 scanning asphalt trucks (plant QR codes or providing load ticket receipt). PaveTrax\u2122 scanning millings hauled to the&hellip;<\/p>","protected":false},"author":1,"featured_media":0,"parent":0,"menu_order":0,"comment_status":"closed","ping_status":"closed","template":"","meta":{"_coblocks_attr":"","_coblocks_dimensions":"","_coblocks_responsive_height":"","_coblocks_accordion_ie_support":"","footnotes":""},"class_list":["post-17565","page","type-page","status-publish","hentry"],"yoast_head":"<!-- This site is optimized with the Yoast SEO plugin v27.3 - https:\/\/yoast.com\/product\/yoast-seo-wordpress\/ -->\n<title>Sonitrax\u2122 Tracking System - DTSystems, Inc.<\/title>\n<meta name=\"description\" content=\"Go paperless with our Sonitrax\u2122 data track system solution that comes with load ticket scanning and other features. Learn more.\" \/>\n<meta name=\"robots\" content=\"index, follow, max-snippet:-1, max-image-preview:large, max-video-preview:-1\" \/>\n<link rel=\"canonical\" href=\"https:\/\/keepontracking.com\/es\/process\/\" \/>\n<meta property=\"og:locale\" content=\"es_MX\" \/>\n<meta property=\"og:type\" content=\"article\" \/>\n<meta property=\"og:title\" content=\"Sonitrax\u2122 Tracking System - DTSystems, Inc.\" \/>\n<meta property=\"og:description\" content=\"Go paperless with our Sonitrax\u2122 data track system solution that comes with load ticket scanning and other features. Learn more.\" \/>\n<meta property=\"og:url\" content=\"https:\/\/keepontracking.com\/es\/process\/\" \/>\n<meta property=\"og:site_name\" content=\"DTSystems, Inc.\" \/>\n<meta property=\"article:modified_time\" content=\"2023-08-11T16:34:40+00:00\" \/>\n<meta property=\"og:image\" content=\"https:\/\/keepontracking.com\/wp-content\/uploads\/2023\/06\/new_03.webp\" \/>\n<meta name=\"twitter:card\" content=\"summary_large_image\" \/>\n<script type=\"application\/ld+json\" class=\"yoast-schema-graph\">{\"@context\":\"https:\\\/\\\/schema.org\",\"@graph\":[{\"@type\":\"WebPage\",\"@id\":\"https:\\\/\\\/keepontracking.com\\\/process\\\/\",\"url\":\"https:\\\/\\\/keepontracking.com\\\/process\\\/\",\"name\":\"Sonitrax\u2122 Tracking System - DTSystems, Inc.\",\"isPartOf\":{\"@id\":\"https:\\\/\\\/keepontracking.com\\\/#website\"},\"primaryImageOfPage\":{\"@id\":\"https:\\\/\\\/keepontracking.com\\\/process\\\/#primaryimage\"},\"image\":{\"@id\":\"https:\\\/\\\/keepontracking.com\\\/process\\\/#primaryimage\"},\"thumbnailUrl\":\"https:\\\/\\\/keepontracking.com\\\/wp-content\\\/uploads\\\/2023\\\/06\\\/new_03.webp\",\"datePublished\":\"2023-06-13T05:57:19+00:00\",\"dateModified\":\"2023-08-11T16:34:40+00:00\",\"description\":\"Go paperless with our Sonitrax\u2122 data track system solution that comes with load ticket scanning and other features. Learn more.\",\"breadcrumb\":{\"@id\":\"https:\\\/\\\/keepontracking.com\\\/process\\\/#breadcrumb\"},\"inLanguage\":\"es\",\"potentialAction\":[{\"@type\":\"ReadAction\",\"target\":[\"https:\\\/\\\/keepontracking.com\\\/process\\\/\"]}]},{\"@type\":\"ImageObject\",\"inLanguage\":\"es\",\"@id\":\"https:\\\/\\\/keepontracking.com\\\/process\\\/#primaryimage\",\"url\":\"https:\\\/\\\/keepontracking.com\\\/wp-content\\\/uploads\\\/2023\\\/06\\\/new_03.webp\",\"contentUrl\":\"https:\\\/\\\/keepontracking.com\\\/wp-content\\\/uploads\\\/2023\\\/06\\\/new_03.webp\"},{\"@type\":\"BreadcrumbList\",\"@id\":\"https:\\\/\\\/keepontracking.com\\\/process\\\/#breadcrumb\",\"itemListElement\":[{\"@type\":\"ListItem\",\"position\":1,\"name\":\"Home\",\"item\":\"https:\\\/\\\/keepontracking.com\\\/\"},{\"@type\":\"ListItem\",\"position\":2,\"name\":\"Process\"}]},{\"@type\":\"WebSite\",\"@id\":\"https:\\\/\\\/keepontracking.com\\\/#website\",\"url\":\"https:\\\/\\\/keepontracking.com\\\/\",\"name\":\"DTSystems, Inc.\",\"description\":\"No GPS. No Fancy Algorithms. Data You Can Trust.\",\"publisher\":{\"@id\":\"https:\\\/\\\/keepontracking.com\\\/#organization\"},\"alternateName\":\"keepontracking.com\",\"potentialAction\":[{\"@type\":\"SearchAction\",\"target\":{\"@type\":\"EntryPoint\",\"urlTemplate\":\"https:\\\/\\\/keepontracking.com\\\/?s={search_term_string}\"},\"query-input\":{\"@type\":\"PropertyValueSpecification\",\"valueRequired\":true,\"valueName\":\"search_term_string\"}}],\"inLanguage\":\"es\"},{\"@type\":\"Organization\",\"@id\":\"https:\\\/\\\/keepontracking.com\\\/#organization\",\"name\":\"DTSystems, Inc.\",\"alternateName\":\"keepontracking.com\",\"url\":\"https:\\\/\\\/keepontracking.com\\\/\",\"logo\":{\"@type\":\"ImageObject\",\"inLanguage\":\"es\",\"@id\":\"https:\\\/\\\/keepontracking.com\\\/#\\\/schema\\\/logo\\\/image\\\/\",\"url\":\"https:\\\/\\\/keepontracking.com\\\/wp-content\\\/uploads\\\/2023\\\/07\\\/CX-91710_DTSystems_FINAL.png\",\"contentUrl\":\"https:\\\/\\\/keepontracking.com\\\/wp-content\\\/uploads\\\/2023\\\/07\\\/CX-91710_DTSystems_FINAL.png\",\"width\":1782,\"height\":1080,\"caption\":\"DTSystems, Inc.\"},\"image\":{\"@id\":\"https:\\\/\\\/keepontracking.com\\\/#\\\/schema\\\/logo\\\/image\\\/\"},\"sameAs\":[\"https:\\\/\\\/www.linkedin.com\\\/company\\\/dtsystems-inc-\\\/\"]}]}<\/script>\n<!-- \/ Yoast SEO plugin. -->","yoast_head_json":{"title":"Sonitrax\u2122 Tracking System - DTSystems, Inc.","description":"Go paperless with our Sonitrax\u2122 data track system solution that comes with load ticket scanning and other features. Learn more.","robots":{"index":"index","follow":"follow","max-snippet":"max-snippet:-1","max-image-preview":"max-image-preview:large","max-video-preview":"max-video-preview:-1"},"canonical":"https:\/\/keepontracking.com\/es\/process\/","og_locale":"es_MX","og_type":"article","og_title":"Sonitrax\u2122 Tracking System - DTSystems, Inc.","og_description":"Go paperless with our Sonitrax\u2122 data track system solution that comes with load ticket scanning and other features. Learn more.","og_url":"https:\/\/keepontracking.com\/es\/process\/","og_site_name":"DTSystems, Inc.","article_modified_time":"2023-08-11T16:34:40+00:00","og_image":[{"url":"https:\/\/keepontracking.com\/wp-content\/uploads\/2023\/06\/new_03.webp","type":"","width":"","height":""}],"twitter_card":"summary_large_image","schema":{"@context":"https:\/\/schema.org","@graph":[{"@type":"WebPage","@id":"https:\/\/keepontracking.com\/process\/","url":"https:\/\/keepontracking.com\/process\/","name":"Sonitrax\u2122 Tracking System - DTSystems, Inc.","isPartOf":{"@id":"https:\/\/keepontracking.com\/#website"},"primaryImageOfPage":{"@id":"https:\/\/keepontracking.com\/process\/#primaryimage"},"image":{"@id":"https:\/\/keepontracking.com\/process\/#primaryimage"},"thumbnailUrl":"https:\/\/keepontracking.com\/wp-content\/uploads\/2023\/06\/new_03.webp","datePublished":"2023-06-13T05:57:19+00:00","dateModified":"2023-08-11T16:34:40+00:00","description":"Go paperless with our Sonitrax\u2122 data track system solution that comes with load ticket scanning and other features. Learn more.","breadcrumb":{"@id":"https:\/\/keepontracking.com\/process\/#breadcrumb"},"inLanguage":"es","potentialAction":[{"@type":"ReadAction","target":["https:\/\/keepontracking.com\/process\/"]}]},{"@type":"ImageObject","inLanguage":"es","@id":"https:\/\/keepontracking.com\/process\/#primaryimage","url":"https:\/\/keepontracking.com\/wp-content\/uploads\/2023\/06\/new_03.webp","contentUrl":"https:\/\/keepontracking.com\/wp-content\/uploads\/2023\/06\/new_03.webp"},{"@type":"BreadcrumbList","@id":"https:\/\/keepontracking.com\/process\/#breadcrumb","itemListElement":[{"@type":"ListItem","position":1,"name":"Home","item":"https:\/\/keepontracking.com\/"},{"@type":"ListItem","position":2,"name":"Process"}]},{"@type":"WebSite","@id":"https:\/\/keepontracking.com\/#website","url":"https:\/\/keepontracking.com\/","name":"DTSystems, Inc.","description":"No GPS. No Fancy Algorithms. Data You Can Trust.","publisher":{"@id":"https:\/\/keepontracking.com\/#organization"},"alternateName":"keepontracking.com","potentialAction":[{"@type":"SearchAction","target":{"@type":"EntryPoint","urlTemplate":"https:\/\/keepontracking.com\/?s={search_term_string}"},"query-input":{"@type":"PropertyValueSpecification","valueRequired":true,"valueName":"search_term_string"}}],"inLanguage":"es"},{"@type":"Organization","@id":"https:\/\/keepontracking.com\/#organization","name":"DTSystems, Inc.","alternateName":"keepontracking.com","url":"https:\/\/keepontracking.com\/","logo":{"@type":"ImageObject","inLanguage":"es","@id":"https:\/\/keepontracking.com\/#\/schema\/logo\/image\/","url":"https:\/\/keepontracking.com\/wp-content\/uploads\/2023\/07\/CX-91710_DTSystems_FINAL.png","contentUrl":"https:\/\/keepontracking.com\/wp-content\/uploads\/2023\/07\/CX-91710_DTSystems_FINAL.png","width":1782,"height":1080,"caption":"DTSystems, Inc."},"image":{"@id":"https:\/\/keepontracking.com\/#\/schema\/logo\/image\/"},"sameAs":["https:\/\/www.linkedin.com\/company\/dtsystems-inc-\/"]}]}},"_links":{"self":[{"href":"https:\/\/keepontracking.com\/es\/wp-json\/wp\/v2\/pages\/17565","targetHints":{"allow":["GET"]}}],"collection":[{"href":"https:\/\/keepontracking.com\/es\/wp-json\/wp\/v2\/pages"}],"about":[{"href":"https:\/\/keepontracking.com\/es\/wp-json\/wp\/v2\/types\/page"}],"author":[{"embeddable":true,"href":"https:\/\/keepontracking.com\/es\/wp-json\/wp\/v2\/users\/1"}],"replies":[{"embeddable":true,"href":"https:\/\/keepontracking.com\/es\/wp-json\/wp\/v2\/comments?post=17565"}],"version-history":[{"count":5,"href":"https:\/\/keepontracking.com\/es\/wp-json\/wp\/v2\/pages\/17565\/revisions"}],"predecessor-version":[{"id":17855,"href":"https:\/\/keepontracking.com\/es\/wp-json\/wp\/v2\/pages\/17565\/revisions\/17855"}],"wp:attachment":[{"href":"https:\/\/keepontracking.com\/es\/wp-json\/wp\/v2\/media?parent=17565"}],"curies":[{"name":"wp","href":"https:\/\/api.w.org\/{rel}","templated":true}]}}