{"id":17966,"date":"2024-03-19T09:27:16","date_gmt":"2024-03-19T13:27:16","guid":{"rendered":"https:\/\/keepontracking.com\/?page_id=17966"},"modified":"2024-03-23T08:04:41","modified_gmt":"2024-03-23T12:04:41","slug":"process-copy","status":"publish","type":"page","link":"https:\/\/keepontracking.com\/es\/process-copy\/","title":{"rendered":"HCSS Heavy Job\u2122"},"content":{"rendered":"<img decoding=\"async\" src=\"https:\/\/keepontracking.com\/wp-content\/uploads\/2024\/03\/hcss-innovative-300x61.png\" alt=\"hcss-innovative\" itemprop=\"image\" height=\"61\" width=\"300\" title=\"hcss-innovador\" onerror=\"this.style.display='none'\" class=\"no-lazyload\" \/>\n\t\t\t\t<img decoding=\"async\" src=\"https:\/\/keepontracking.com\/wp-content\/uploads\/2024\/03\/HJ-logo-300x70.png\" alt=\"HJ-logo\" itemprop=\"image\" height=\"70\" width=\"300\" title=\"Logotipo HJ\" onerror=\"this.style.display='none'\" class=\"no-lazyload\" \/>\n\t\t<h1>\n\t\t\tIntegraci\u00f3n de trabajos pesados HCSS\n\t\t<\/h1>\n\t\t\t\t\t\t\t<img decoding=\"async\" src=\"https:\/\/keepontracking.com\/wp-content\/uploads\/2023\/06\/new_03.webp\" alt=\"HCSS Heavy Job Integration\" class=\"no-lazyload\" \/>\n\t\t\t<p>HCSS Trabajo pesado y <strong>Sonitrax<\/strong><\/p>\t\t\n\t<ul>\n\t\t\t<li>\n\t\t\t\tHCSS se ha integrado con DTSystems. Sonitrax by DTSystems se integrar\u00e1 con HCSS HeavyJob para proporcionar una visibilidad y una responsabilidad completas del movimiento de material por parte de los transportistas contratados, as\u00ed como de los camiones propiedad de la empresa.\n\t\t\t<\/li>\n\t\t\t<li>\n\t\t\t\tContractors have utilized DTSystems&#8217; Sonitrax for over two decades. The system for managing the movement of all job site materials has tracked over 13 million loads to date.\n\t\t\t<\/li>\n\t\t<\/ul>\n\t\t\t<a href=\"https:\/\/keepontracking.com\/es\/press%20release\/\" target=\"_self\" rel=\"noopener\">\n\t\t\t\t\t\t\tComunicado de prensa del HCSS\n\t\t\t\t\t<\/a>\n\t<ul>\n\t\t\t<li>\n\t\t\t\tM\u00e1s de 4.000 contratistas de infraestructuras, carreteras y servicios p\u00fablicos utilizan el software de construcci\u00f3n HCSS. \n\t\t\t<\/li>\n\t\t\t<li>\n\t\t\t\tEl paquete de software integrado incluye HeavyBid y HeavyJob para realizar un seguimiento del tiempo y la producci\u00f3n, Fleet Management para gestionar los equipos y HCSS Safety para mantener la seguridad de los empleados.\n\t\t\t<\/li>\n\t\t<\/ul>","protected":false},"excerpt":{"rendered":"<p>HCSS Heavy Job Integration HCSS Heavy Job and Sonitrax HCSS has integrated with DTSystems. Sonitrax by DTSystems will integrate with HCSS HeavyJob to provide full visibility and accountability of the movement of material by hired haulers as well as company-owned trucks. Contractors have utilized DTSystems&#8217; Sonitrax for over two decades. The system for managing the&hellip;<\/p>","protected":false},"author":1,"featured_media":0,"parent":0,"menu_order":0,"comment_status":"closed","ping_status":"closed","template":"","meta":{"_coblocks_attr":"","_coblocks_dimensions":"","_coblocks_responsive_height":"","_coblocks_accordion_ie_support":"","footnotes":""},"class_list":["post-17966","page","type-page","status-publish","hentry"],"yoast_head":"<!-- This site is optimized with the Yoast SEO plugin v27.3 - https:\/\/yoast.com\/product\/yoast-seo-wordpress\/ -->\n<title>Sonitrax\u2122 Tracking System - DTSystems, Inc.<\/title>\n<meta name=\"description\" content=\"Go paperless with our Sonitrax\u2122 data track system solution that comes with load ticket scanning and other features. Learn more.\" \/>\n<meta name=\"robots\" content=\"index, follow, max-snippet:-1, max-image-preview:large, max-video-preview:-1\" \/>\n<link rel=\"canonical\" href=\"https:\/\/keepontracking.com\/es\/process-copy\/\" \/>\n<meta property=\"og:locale\" content=\"es_MX\" \/>\n<meta property=\"og:type\" content=\"article\" \/>\n<meta property=\"og:title\" content=\"Sonitrax\u2122 Tracking System - DTSystems, Inc.\" \/>\n<meta property=\"og:description\" content=\"Go paperless with our Sonitrax\u2122 data track system solution that comes with load ticket scanning and other features. Learn more.\" \/>\n<meta property=\"og:url\" content=\"https:\/\/keepontracking.com\/es\/process-copy\/\" \/>\n<meta property=\"og:site_name\" content=\"DTSystems, Inc.\" \/>\n<meta property=\"article:modified_time\" content=\"2024-03-23T12:04:41+00:00\" \/>\n<meta property=\"og:image\" content=\"https:\/\/keepontracking.com\/wp-content\/uploads\/2024\/03\/hcss-innovative-300x61.png\" \/>\n<meta name=\"twitter:card\" content=\"summary_large_image\" \/>\n<meta name=\"twitter:label1\" content=\"Tiempo de lectura\" \/>\n\t<meta name=\"twitter:data1\" content=\"3 minutos\" \/>\n<script type=\"application\/ld+json\" class=\"yoast-schema-graph\">{\"@context\":\"https:\\\/\\\/schema.org\",\"@graph\":[{\"@type\":\"WebPage\",\"@id\":\"https:\\\/\\\/keepontracking.com\\\/process-copy\\\/\",\"url\":\"https:\\\/\\\/keepontracking.com\\\/process-copy\\\/\",\"name\":\"Sonitrax\u2122 Tracking System - DTSystems, Inc.\",\"isPartOf\":{\"@id\":\"https:\\\/\\\/keepontracking.com\\\/#website\"},\"primaryImageOfPage\":{\"@id\":\"https:\\\/\\\/keepontracking.com\\\/process-copy\\\/#primaryimage\"},\"image\":{\"@id\":\"https:\\\/\\\/keepontracking.com\\\/process-copy\\\/#primaryimage\"},\"thumbnailUrl\":\"https:\\\/\\\/keepontracking.com\\\/wp-content\\\/uploads\\\/2024\\\/03\\\/hcss-innovative-300x61.png\",\"datePublished\":\"2024-03-19T13:27:16+00:00\",\"dateModified\":\"2024-03-23T12:04:41+00:00\",\"description\":\"Go paperless with our Sonitrax\u2122 data track system solution that comes with load ticket scanning and other features. Learn more.\",\"breadcrumb\":{\"@id\":\"https:\\\/\\\/keepontracking.com\\\/process-copy\\\/#breadcrumb\"},\"inLanguage\":\"es\",\"potentialAction\":[{\"@type\":\"ReadAction\",\"target\":[\"https:\\\/\\\/keepontracking.com\\\/process-copy\\\/\"]}]},{\"@type\":\"ImageObject\",\"inLanguage\":\"es\",\"@id\":\"https:\\\/\\\/keepontracking.com\\\/process-copy\\\/#primaryimage\",\"url\":\"https:\\\/\\\/keepontracking.com\\\/wp-content\\\/uploads\\\/2024\\\/03\\\/hcss-innovative-300x61.png\",\"contentUrl\":\"https:\\\/\\\/keepontracking.com\\\/wp-content\\\/uploads\\\/2024\\\/03\\\/hcss-innovative-300x61.png\"},{\"@type\":\"BreadcrumbList\",\"@id\":\"https:\\\/\\\/keepontracking.com\\\/process-copy\\\/#breadcrumb\",\"itemListElement\":[{\"@type\":\"ListItem\",\"position\":1,\"name\":\"Home\",\"item\":\"https:\\\/\\\/keepontracking.com\\\/\"},{\"@type\":\"ListItem\",\"position\":2,\"name\":\"HCSS Heavy Job\u2122\"}]},{\"@type\":\"WebSite\",\"@id\":\"https:\\\/\\\/keepontracking.com\\\/#website\",\"url\":\"https:\\\/\\\/keepontracking.com\\\/\",\"name\":\"DTSystems, Inc.\",\"description\":\"No GPS. No Fancy Algorithms. Data You Can Trust.\",\"publisher\":{\"@id\":\"https:\\\/\\\/keepontracking.com\\\/#organization\"},\"alternateName\":\"keepontracking.com\",\"potentialAction\":[{\"@type\":\"SearchAction\",\"target\":{\"@type\":\"EntryPoint\",\"urlTemplate\":\"https:\\\/\\\/keepontracking.com\\\/?s={search_term_string}\"},\"query-input\":{\"@type\":\"PropertyValueSpecification\",\"valueRequired\":true,\"valueName\":\"search_term_string\"}}],\"inLanguage\":\"es\"},{\"@type\":\"Organization\",\"@id\":\"https:\\\/\\\/keepontracking.com\\\/#organization\",\"name\":\"DTSystems, Inc.\",\"alternateName\":\"keepontracking.com\",\"url\":\"https:\\\/\\\/keepontracking.com\\\/\",\"logo\":{\"@type\":\"ImageObject\",\"inLanguage\":\"es\",\"@id\":\"https:\\\/\\\/keepontracking.com\\\/#\\\/schema\\\/logo\\\/image\\\/\",\"url\":\"https:\\\/\\\/keepontracking.com\\\/wp-content\\\/uploads\\\/2023\\\/07\\\/CX-91710_DTSystems_FINAL.png\",\"contentUrl\":\"https:\\\/\\\/keepontracking.com\\\/wp-content\\\/uploads\\\/2023\\\/07\\\/CX-91710_DTSystems_FINAL.png\",\"width\":1782,\"height\":1080,\"caption\":\"DTSystems, Inc.\"},\"image\":{\"@id\":\"https:\\\/\\\/keepontracking.com\\\/#\\\/schema\\\/logo\\\/image\\\/\"},\"sameAs\":[\"https:\\\/\\\/www.linkedin.com\\\/company\\\/dtsystems-inc-\\\/\"]}]}<\/script>\n<!-- \/ Yoast SEO plugin. -->","yoast_head_json":{"title":"Sonitrax\u2122 Tracking System - DTSystems, Inc.","description":"Go paperless with our Sonitrax\u2122 data track system solution that comes with load ticket scanning and other features. Learn more.","robots":{"index":"index","follow":"follow","max-snippet":"max-snippet:-1","max-image-preview":"max-image-preview:large","max-video-preview":"max-video-preview:-1"},"canonical":"https:\/\/keepontracking.com\/es\/process-copy\/","og_locale":"es_MX","og_type":"article","og_title":"Sonitrax\u2122 Tracking System - DTSystems, Inc.","og_description":"Go paperless with our Sonitrax\u2122 data track system solution that comes with load ticket scanning and other features. Learn more.","og_url":"https:\/\/keepontracking.com\/es\/process-copy\/","og_site_name":"DTSystems, Inc.","article_modified_time":"2024-03-23T12:04:41+00:00","og_image":[{"url":"https:\/\/keepontracking.com\/wp-content\/uploads\/2024\/03\/hcss-innovative-300x61.png","type":"","width":"","height":""}],"twitter_card":"summary_large_image","twitter_misc":{"Tiempo de lectura":"3 minutos"},"schema":{"@context":"https:\/\/schema.org","@graph":[{"@type":"WebPage","@id":"https:\/\/keepontracking.com\/process-copy\/","url":"https:\/\/keepontracking.com\/process-copy\/","name":"Sonitrax\u2122 Tracking System - DTSystems, Inc.","isPartOf":{"@id":"https:\/\/keepontracking.com\/#website"},"primaryImageOfPage":{"@id":"https:\/\/keepontracking.com\/process-copy\/#primaryimage"},"image":{"@id":"https:\/\/keepontracking.com\/process-copy\/#primaryimage"},"thumbnailUrl":"https:\/\/keepontracking.com\/wp-content\/uploads\/2024\/03\/hcss-innovative-300x61.png","datePublished":"2024-03-19T13:27:16+00:00","dateModified":"2024-03-23T12:04:41+00:00","description":"Go paperless with our Sonitrax\u2122 data track system solution that comes with load ticket scanning and other features. Learn more.","breadcrumb":{"@id":"https:\/\/keepontracking.com\/process-copy\/#breadcrumb"},"inLanguage":"es","potentialAction":[{"@type":"ReadAction","target":["https:\/\/keepontracking.com\/process-copy\/"]}]},{"@type":"ImageObject","inLanguage":"es","@id":"https:\/\/keepontracking.com\/process-copy\/#primaryimage","url":"https:\/\/keepontracking.com\/wp-content\/uploads\/2024\/03\/hcss-innovative-300x61.png","contentUrl":"https:\/\/keepontracking.com\/wp-content\/uploads\/2024\/03\/hcss-innovative-300x61.png"},{"@type":"BreadcrumbList","@id":"https:\/\/keepontracking.com\/process-copy\/#breadcrumb","itemListElement":[{"@type":"ListItem","position":1,"name":"Home","item":"https:\/\/keepontracking.com\/"},{"@type":"ListItem","position":2,"name":"HCSS Heavy Job\u2122"}]},{"@type":"WebSite","@id":"https:\/\/keepontracking.com\/#website","url":"https:\/\/keepontracking.com\/","name":"DTSystems, Inc.","description":"No GPS. No Fancy Algorithms. Data You Can Trust.","publisher":{"@id":"https:\/\/keepontracking.com\/#organization"},"alternateName":"keepontracking.com","potentialAction":[{"@type":"SearchAction","target":{"@type":"EntryPoint","urlTemplate":"https:\/\/keepontracking.com\/?s={search_term_string}"},"query-input":{"@type":"PropertyValueSpecification","valueRequired":true,"valueName":"search_term_string"}}],"inLanguage":"es"},{"@type":"Organization","@id":"https:\/\/keepontracking.com\/#organization","name":"DTSystems, Inc.","alternateName":"keepontracking.com","url":"https:\/\/keepontracking.com\/","logo":{"@type":"ImageObject","inLanguage":"es","@id":"https:\/\/keepontracking.com\/#\/schema\/logo\/image\/","url":"https:\/\/keepontracking.com\/wp-content\/uploads\/2023\/07\/CX-91710_DTSystems_FINAL.png","contentUrl":"https:\/\/keepontracking.com\/wp-content\/uploads\/2023\/07\/CX-91710_DTSystems_FINAL.png","width":1782,"height":1080,"caption":"DTSystems, Inc."},"image":{"@id":"https:\/\/keepontracking.com\/#\/schema\/logo\/image\/"},"sameAs":["https:\/\/www.linkedin.com\/company\/dtsystems-inc-\/"]}]}},"_links":{"self":[{"href":"https:\/\/keepontracking.com\/es\/wp-json\/wp\/v2\/pages\/17966","targetHints":{"allow":["GET"]}}],"collection":[{"href":"https:\/\/keepontracking.com\/es\/wp-json\/wp\/v2\/pages"}],"about":[{"href":"https:\/\/keepontracking.com\/es\/wp-json\/wp\/v2\/types\/page"}],"author":[{"embeddable":true,"href":"https:\/\/keepontracking.com\/es\/wp-json\/wp\/v2\/users\/1"}],"replies":[{"embeddable":true,"href":"https:\/\/keepontracking.com\/es\/wp-json\/wp\/v2\/comments?post=17966"}],"version-history":[{"count":5,"href":"https:\/\/keepontracking.com\/es\/wp-json\/wp\/v2\/pages\/17966\/revisions"}],"predecessor-version":[{"id":18001,"href":"https:\/\/keepontracking.com\/es\/wp-json\/wp\/v2\/pages\/17966\/revisions\/18001"}],"wp:attachment":[{"href":"https:\/\/keepontracking.com\/es\/wp-json\/wp\/v2\/media?parent=17966"}],"curies":[{"name":"wp","href":"https:\/\/api.w.org\/{rel}","templated":true}]}}