{"id":24,"date":"2023-04-21T17:11:28","date_gmt":"2023-04-21T17:11:28","guid":{"rendered":"http:\/\/lve.5a8.mytemp.website\/?page_id=24"},"modified":"2025-07-25T10:54:25","modified_gmt":"2025-07-25T15:54:25","slug":"sonitrax-components","status":"publish","type":"page","link":"https:\/\/keepontracking.com\/es\/sonitrax-components\/","title":{"rendered":"Componentes Sonitrax"},"content":{"rendered":"<h1>\n\t\t\tSonitrax\n\t\t\t\t\t\t\t\t\t\t\tComponents\n\t\t<\/h1>\n\t\t\t\t\t\t\t<img decoding=\"async\" src=\"https:\/\/keepontracking.com\/wp-content\/uploads\/2023\/06\/new_03.webp\" alt=\"Sonitrax Components\" class=\"no-lazyload\" \/>\n\t\t\t<p>Sonitrax\u2122 es el sistema de rastreo de camiones de \u00faltima generaci\u00f3n. Sonitrax\u2122 es un sistema web que se sincroniza con una s\u00f3lida infraestructura de red. A continuaci\u00f3n, se describen cada componente de Sonitrax\u2122.<\/p>\t\t\n\t\t<meta itemprop=\"url\" content=\"https:\/\/keepontracking.com\/wp-content\/uploads\/2025\/07\/DTSystems-introduction.mp4\" \/><div style=\"width: 640px;\" class=\"wp-video\"><video muted class=\"wp-video-shortcode\" id=\"video-24-1\" width=\"640\" height=\"360\" autoplay preload=\"metadata\" controls=\"controls\"><source type=\"video\/mp4\" src=\"https:\/\/keepontracking.com\/wp-content\/uploads\/2025\/07\/DTSystems-introduction.mp4?_=1\" \/><source type=\"video\/mp4\" src=\"https:\/\/keepontracking.com\/wp-content\/uploads\/2025\/07\/DTSystems-introduction.mp4?_=1\" \/><a href=\"https:\/\/keepontracking.com\/wp-content\/uploads\/2025\/07\/DTSystems-introduction.mp4\">https:\/\/keepontracking.com\/wp-content\/uploads\/2025\/07\/DTSystems-introduction.mp4<\/a><\/video><\/div>\t\n\t\t<h2>\n\t\t\tEsc\u00e1ner Sonitrax\n\t\t<\/h2>\n\t\t\t\t\t\t\t<img decoding=\"async\" src=\"https:\/\/keepontracking.com\/wp-content\/uploads\/2023\/06\/new_14.webp\" alt=\"Sonitrax Scanner\" class=\"no-lazyload\" \/>\n\t\t\t<p>El esc\u00e1ner Sonitrax\u2122 es ligero y robusto, ideal para la industria de la construcci\u00f3n. Su dise\u00f1o duradero y resistente al agua superan los altos est\u00e1ndares de las pruebas de ca\u00edda. Cuenta con una pantalla t\u00e1ctil con retroiluminaci\u00f3n LED, un motor de im\u00e1genes 2D y una etiqueta RFID para camiones para el registro de datos. Incluye una bater\u00eda recargable y se puede llevar con un cord\u00f3n para facilitar su transporte en obras de construcci\u00f3n. El esc\u00e1ner Sonitrax\u2122 es \u00fatil para trabajadores de la construcci\u00f3n, gerentes de proyecto y supervisores de obra para el seguimiento y la gesti\u00f3n de materiales y equipos.<\/p>\t\t\n\t\t<h2>\n\t\t\tEstaci\u00f3n de carga Sonitrax\n\t\t<\/h2>\n\t\t\t\t\t\t\t<img decoding=\"async\" src=\"https:\/\/keepontracking.com\/wp-content\/uploads\/2023\/06\/new_14.webp\" alt=\"Sonitrax Charging Station\" class=\"no-lazyload\" \/>\n\t\t\t<p>La estaci\u00f3n de carga permite que el esc\u00e1ner Sonitrax\u2122 se recargue completamente en tan solo unas horas. Normalmente, se guarda en la oficina o en el remolque, lo que garantiza que el esc\u00e1ner tenga suficiente energ\u00eda para un uso prolongado y est\u00e9 siempre listo para usar.<\/p>\t\t\n\t\t<h2>\n\t\t\tEtiquetas RFID para camiones\n\t\t<\/h2>\n\t\t\t\t\t\t\t<img decoding=\"async\" src=\"https:\/\/keepontracking.com\/wp-content\/uploads\/2023\/06\/new_14.webp\" alt=\"Truck RFID Tags\" class=\"no-lazyload\" \/>\n\t\t\t<p>The RFID tags are designed to be attached to the truck&#8217;s door or side mirror. They are made of thin, durable vinyl material and have an interior spiraled antenna that can withstand temperatures ranging from -40\u00b0 to +140\u00b0F. Roughly the same size as a Quarter, these tags are a vital component of the Sonitrax\u2122 scanning system, allowing for efficient and accurate tracking of trucks and their payload.<\/p>\t\t\n\t\t<h2>\n\t\t\tEncrypted,\n\t\t\t\t\t\t\t\t\t\t\tBar-Coded Tickets\n\t\t<\/h2>\n\t\t\t\t\t\t\t<img decoding=\"async\" src=\"https:\/\/keepontracking.com\/wp-content\/uploads\/2023\/06\/new_14.webp\" alt=\"Encrypted, Bar-Coded Tickets\" class=\"no-lazyload\" \/>\n\t\t\t<p>El sistema Sonitrax\u2122 utiliza tickets encriptados, disponibles en talonarios de 500, personalizados para su empresa, eliminando as\u00ed la necesidad de tickets impresos. Al llegar al punto de carga, el operador escanea el ticket y se lo devuelve al conductor, quien lo presenta de nuevo en el vertedero para su escaneo y la finalizaci\u00f3n del registro de entrega. Este proceso garantiza un registro preciso de los datos y elimina la necesidad de un seguimiento manual de los tickets.<\/p>\t\t\n\t\t<h2>\n\t\t\tGenerador de c\u00f3digos de barras\n\t\t<\/h2>\n\t\t\t\t\t\t\t<img decoding=\"async\" src=\"https:\/\/keepontracking.com\/wp-content\/uploads\/2023\/06\/new_14.webp\" alt=\"Bar Code Generator\" class=\"no-lazyload\" \/>\n\t\t\t<p>Nuestra interfaz de usuario incluye un generador de c\u00f3digos de barras de campo que permite crear c\u00f3digos que el operador del esc\u00e1ner puede usar para generar puntos de datos adicionales para informes. Estos c\u00f3digos de barras se pueden personalizar para distinguir lugares de trabajo, tipos de materiales o n\u00fameros de trabajo. El operador del esc\u00e1ner puede usar estos c\u00f3digos de barras en campo para recopilar datos de forma precisa y eficiente, lo que permite una gesti\u00f3n de proyectos y generaci\u00f3n de informes m\u00e1s robusta.<\/p>\t\t\n\t\t<h2>\n\t\t\tVisibility to All Your\n\t\t\t\t\t\t\t\t\t\t\tMaterial Sources\n\t\t<\/h2>\n\t\t\t\t\t\t\t<img decoding=\"async\" src=\"https:\/\/keepontracking.com\/wp-content\/uploads\/2023\/06\/new_14.webp\" alt=\"Visibility to All Your Material Sources\" class=\"no-lazyload\" \/>\n\t\t\t<p>Nuestro galardonado sistema puede procesar datos de materiales de fuentes externas, como comprobantes de b\u00e1sculas de canteras o plantas de asfalto, lo que facilita la visualizaci\u00f3n de todo el seguimiento de sus materiales en un solo panel. Nuestros esc\u00e1neres de campo leen f\u00e1cilmente c\u00f3digos QR y de barras, para que nunca se pierda una entrega.<\/p>\t\t\n\t\t\t\t\t\t\t\t\t<img decoding=\"async\" src=\"https:\/\/keepontracking.com\/wp-content\/uploads\/2023\/05\/excavator.jpg\" alt=\"a yellow excavator is sitting on top of rocks.\" itemprop=\"image\" height=\"399\" width=\"600\" srcset=\"https:\/\/keepontracking.com\/wp-content\/uploads\/2023\/05\/excavator.jpg 600w, https:\/\/keepontracking.com\/wp-content\/uploads\/2023\/05\/excavator-300x200.jpg 300w\" sizes=\"(max-width: 600px) 100vw, 600px\" title=\"excavator\" onerror=\"this.style.display='none'\" class=\"no-lazyload\" \/>\n\t\t\t\t\t\t\t\t\t<img decoding=\"async\" src=\"https:\/\/keepontracking.com\/wp-content\/uploads\/2023\/05\/Slide1.jpg\" alt=\"a computer screen showing a dashboard with graphs and data.\" itemprop=\"image\" height=\"720\" width=\"1280\" srcset=\"https:\/\/keepontracking.com\/wp-content\/uploads\/2023\/05\/Slide1.jpg 1280w, https:\/\/keepontracking.com\/wp-content\/uploads\/2023\/05\/Slide1-300x169.jpg 300w, https:\/\/keepontracking.com\/wp-content\/uploads\/2023\/05\/Slide1-1024x576.jpg 1024w, https:\/\/keepontracking.com\/wp-content\/uploads\/2023\/05\/Slide1-768x432.jpg 768w\" sizes=\"(max-width: 1280px) 100vw, 1280px\" title=\"Slide1\" onerror=\"this.style.display='none'\" class=\"no-lazyload\" \/>","protected":false},"excerpt":{"rendered":"<p>Sonitrax Components Sonitrax\u2122 is the next-generation truck tracking system. Sonitrax\u2122 is a web-based system that synchronizes with a robust network infrastructure. Below are descriptions of each Sonitrax\u2122 component. Sonitrax Scanner The Sonitrax\u2122 scanner is lightweight and rugged for the construction industry. It has a durable design and is water-resistant, passing high standards for drop testing.&hellip;<\/p>","protected":false},"author":1,"featured_media":17065,"parent":0,"menu_order":0,"comment_status":"closed","ping_status":"closed","template":"","meta":{"_coblocks_attr":"","_coblocks_dimensions":"","_coblocks_responsive_height":"","_coblocks_accordion_ie_support":"","footnotes":""},"class_list":["post-24","page","type-page","status-publish","has-post-thumbnail","hentry"],"yoast_head":"<!-- This site is optimized with the Yoast SEO plugin v27.3 - https:\/\/yoast.com\/product\/yoast-seo-wordpress\/ -->\n<title>Components of Sonitrax\u2122 System - DTSystems, Inc.<\/title>\n<meta name=\"description\" content=\"The Sonitrax\u2122 Data Track System is a web-based application that synchronizes with a robust network infrastructure. Learn more.\" \/>\n<meta name=\"robots\" content=\"index, follow, max-snippet:-1, max-image-preview:large, max-video-preview:-1\" \/>\n<link rel=\"canonical\" href=\"https:\/\/keepontracking.com\/es\/sonitrax-components\/\" \/>\n<meta property=\"og:locale\" content=\"es_MX\" \/>\n<meta property=\"og:type\" content=\"article\" \/>\n<meta property=\"og:title\" content=\"Components of Sonitrax\u2122 System - DTSystems, Inc.\" \/>\n<meta property=\"og:description\" content=\"The Sonitrax\u2122 Data Track System is a web-based application that synchronizes with a robust network infrastructure. Learn more.\" \/>\n<meta property=\"og:url\" content=\"https:\/\/keepontracking.com\/es\/sonitrax-components\/\" \/>\n<meta property=\"og:site_name\" content=\"DTSystems, Inc.\" \/>\n<meta property=\"article:modified_time\" content=\"2025-07-25T15:54:25+00:00\" \/>\n<meta property=\"og:image\" content=\"https:\/\/keepontracking.com\/wp-content\/uploads\/2023\/04\/66_03-1.png\" \/>\n\t<meta property=\"og:image:width\" content=\"570\" \/>\n\t<meta property=\"og:image:height\" content=\"551\" \/>\n\t<meta property=\"og:image:type\" content=\"image\/png\" \/>\n<meta name=\"twitter:card\" content=\"summary_large_image\" \/>\n<meta name=\"twitter:label1\" content=\"Tiempo de lectura\" \/>\n\t<meta name=\"twitter:data1\" content=\"4 minutos\" \/>\n<script type=\"application\/ld+json\" class=\"yoast-schema-graph\">{\"@context\":\"https:\\\/\\\/schema.org\",\"@graph\":[{\"@type\":\"WebPage\",\"@id\":\"https:\\\/\\\/keepontracking.com\\\/sonitrax-components\\\/\",\"url\":\"https:\\\/\\\/keepontracking.com\\\/sonitrax-components\\\/\",\"name\":\"Components of Sonitrax\u2122 System - DTSystems, Inc.\",\"isPartOf\":{\"@id\":\"https:\\\/\\\/keepontracking.com\\\/#website\"},\"primaryImageOfPage\":{\"@id\":\"https:\\\/\\\/keepontracking.com\\\/sonitrax-components\\\/#primaryimage\"},\"image\":{\"@id\":\"https:\\\/\\\/keepontracking.com\\\/sonitrax-components\\\/#primaryimage\"},\"thumbnailUrl\":\"https:\\\/\\\/keepontracking.com\\\/wp-content\\\/uploads\\\/2023\\\/04\\\/66_03-1.png\",\"datePublished\":\"2023-04-21T17:11:28+00:00\",\"dateModified\":\"2025-07-25T15:54:25+00:00\",\"description\":\"The Sonitrax\u2122 Data Track System is a web-based application that synchronizes with a robust network infrastructure. Learn more.\",\"breadcrumb\":{\"@id\":\"https:\\\/\\\/keepontracking.com\\\/sonitrax-components\\\/#breadcrumb\"},\"inLanguage\":\"es\",\"potentialAction\":[{\"@type\":\"ReadAction\",\"target\":[\"https:\\\/\\\/keepontracking.com\\\/sonitrax-components\\\/\"]}]},{\"@type\":\"ImageObject\",\"inLanguage\":\"es\",\"@id\":\"https:\\\/\\\/keepontracking.com\\\/sonitrax-components\\\/#primaryimage\",\"url\":\"https:\\\/\\\/keepontracking.com\\\/wp-content\\\/uploads\\\/2023\\\/04\\\/66_03-1.png\",\"contentUrl\":\"https:\\\/\\\/keepontracking.com\\\/wp-content\\\/uploads\\\/2023\\\/04\\\/66_03-1.png\",\"width\":570,\"height\":551,\"caption\":\"DTSystems, Inc.\"},{\"@type\":\"BreadcrumbList\",\"@id\":\"https:\\\/\\\/keepontracking.com\\\/sonitrax-components\\\/#breadcrumb\",\"itemListElement\":[{\"@type\":\"ListItem\",\"position\":1,\"name\":\"Home\",\"item\":\"https:\\\/\\\/keepontracking.com\\\/\"},{\"@type\":\"ListItem\",\"position\":2,\"name\":\"Sonitrax Components\"}]},{\"@type\":\"WebSite\",\"@id\":\"https:\\\/\\\/keepontracking.com\\\/#website\",\"url\":\"https:\\\/\\\/keepontracking.com\\\/\",\"name\":\"DTSystems, Inc.\",\"description\":\"No GPS. No Fancy Algorithms. Data You Can Trust.\",\"publisher\":{\"@id\":\"https:\\\/\\\/keepontracking.com\\\/#organization\"},\"alternateName\":\"keepontracking.com\",\"potentialAction\":[{\"@type\":\"SearchAction\",\"target\":{\"@type\":\"EntryPoint\",\"urlTemplate\":\"https:\\\/\\\/keepontracking.com\\\/?s={search_term_string}\"},\"query-input\":{\"@type\":\"PropertyValueSpecification\",\"valueRequired\":true,\"valueName\":\"search_term_string\"}}],\"inLanguage\":\"es\"},{\"@type\":\"Organization\",\"@id\":\"https:\\\/\\\/keepontracking.com\\\/#organization\",\"name\":\"DTSystems, Inc.\",\"alternateName\":\"keepontracking.com\",\"url\":\"https:\\\/\\\/keepontracking.com\\\/\",\"logo\":{\"@type\":\"ImageObject\",\"inLanguage\":\"es\",\"@id\":\"https:\\\/\\\/keepontracking.com\\\/#\\\/schema\\\/logo\\\/image\\\/\",\"url\":\"https:\\\/\\\/keepontracking.com\\\/wp-content\\\/uploads\\\/2023\\\/07\\\/CX-91710_DTSystems_FINAL.png\",\"contentUrl\":\"https:\\\/\\\/keepontracking.com\\\/wp-content\\\/uploads\\\/2023\\\/07\\\/CX-91710_DTSystems_FINAL.png\",\"width\":1782,\"height\":1080,\"caption\":\"DTSystems, Inc.\"},\"image\":{\"@id\":\"https:\\\/\\\/keepontracking.com\\\/#\\\/schema\\\/logo\\\/image\\\/\"},\"sameAs\":[\"https:\\\/\\\/www.linkedin.com\\\/company\\\/dtsystems-inc-\\\/\"]}]}<\/script>\n<!-- \/ Yoast SEO plugin. -->","yoast_head_json":{"title":"Components of Sonitrax\u2122 System - DTSystems, Inc.","description":"The Sonitrax\u2122 Data Track System is a web-based application that synchronizes with a robust network infrastructure. Learn more.","robots":{"index":"index","follow":"follow","max-snippet":"max-snippet:-1","max-image-preview":"max-image-preview:large","max-video-preview":"max-video-preview:-1"},"canonical":"https:\/\/keepontracking.com\/es\/sonitrax-components\/","og_locale":"es_MX","og_type":"article","og_title":"Components of Sonitrax\u2122 System - DTSystems, Inc.","og_description":"The Sonitrax\u2122 Data Track System is a web-based application that synchronizes with a robust network infrastructure. Learn more.","og_url":"https:\/\/keepontracking.com\/es\/sonitrax-components\/","og_site_name":"DTSystems, Inc.","article_modified_time":"2025-07-25T15:54:25+00:00","og_image":[{"width":570,"height":551,"url":"https:\/\/keepontracking.com\/wp-content\/uploads\/2023\/04\/66_03-1.png","type":"image\/png"}],"twitter_card":"summary_large_image","twitter_misc":{"Tiempo de lectura":"4 minutos"},"schema":{"@context":"https:\/\/schema.org","@graph":[{"@type":"WebPage","@id":"https:\/\/keepontracking.com\/sonitrax-components\/","url":"https:\/\/keepontracking.com\/sonitrax-components\/","name":"Components of Sonitrax\u2122 System - DTSystems, Inc.","isPartOf":{"@id":"https:\/\/keepontracking.com\/#website"},"primaryImageOfPage":{"@id":"https:\/\/keepontracking.com\/sonitrax-components\/#primaryimage"},"image":{"@id":"https:\/\/keepontracking.com\/sonitrax-components\/#primaryimage"},"thumbnailUrl":"https:\/\/keepontracking.com\/wp-content\/uploads\/2023\/04\/66_03-1.png","datePublished":"2023-04-21T17:11:28+00:00","dateModified":"2025-07-25T15:54:25+00:00","description":"The Sonitrax\u2122 Data Track System is a web-based application that synchronizes with a robust network infrastructure. Learn more.","breadcrumb":{"@id":"https:\/\/keepontracking.com\/sonitrax-components\/#breadcrumb"},"inLanguage":"es","potentialAction":[{"@type":"ReadAction","target":["https:\/\/keepontracking.com\/sonitrax-components\/"]}]},{"@type":"ImageObject","inLanguage":"es","@id":"https:\/\/keepontracking.com\/sonitrax-components\/#primaryimage","url":"https:\/\/keepontracking.com\/wp-content\/uploads\/2023\/04\/66_03-1.png","contentUrl":"https:\/\/keepontracking.com\/wp-content\/uploads\/2023\/04\/66_03-1.png","width":570,"height":551,"caption":"DTSystems, Inc."},{"@type":"BreadcrumbList","@id":"https:\/\/keepontracking.com\/sonitrax-components\/#breadcrumb","itemListElement":[{"@type":"ListItem","position":1,"name":"Home","item":"https:\/\/keepontracking.com\/"},{"@type":"ListItem","position":2,"name":"Sonitrax Components"}]},{"@type":"WebSite","@id":"https:\/\/keepontracking.com\/#website","url":"https:\/\/keepontracking.com\/","name":"DTSystems, Inc.","description":"No GPS. No Fancy Algorithms. Data You Can Trust.","publisher":{"@id":"https:\/\/keepontracking.com\/#organization"},"alternateName":"keepontracking.com","potentialAction":[{"@type":"SearchAction","target":{"@type":"EntryPoint","urlTemplate":"https:\/\/keepontracking.com\/?s={search_term_string}"},"query-input":{"@type":"PropertyValueSpecification","valueRequired":true,"valueName":"search_term_string"}}],"inLanguage":"es"},{"@type":"Organization","@id":"https:\/\/keepontracking.com\/#organization","name":"DTSystems, Inc.","alternateName":"keepontracking.com","url":"https:\/\/keepontracking.com\/","logo":{"@type":"ImageObject","inLanguage":"es","@id":"https:\/\/keepontracking.com\/#\/schema\/logo\/image\/","url":"https:\/\/keepontracking.com\/wp-content\/uploads\/2023\/07\/CX-91710_DTSystems_FINAL.png","contentUrl":"https:\/\/keepontracking.com\/wp-content\/uploads\/2023\/07\/CX-91710_DTSystems_FINAL.png","width":1782,"height":1080,"caption":"DTSystems, Inc."},"image":{"@id":"https:\/\/keepontracking.com\/#\/schema\/logo\/image\/"},"sameAs":["https:\/\/www.linkedin.com\/company\/dtsystems-inc-\/"]}]}},"_links":{"self":[{"href":"https:\/\/keepontracking.com\/es\/wp-json\/wp\/v2\/pages\/24","targetHints":{"allow":["GET"]}}],"collection":[{"href":"https:\/\/keepontracking.com\/es\/wp-json\/wp\/v2\/pages"}],"about":[{"href":"https:\/\/keepontracking.com\/es\/wp-json\/wp\/v2\/types\/page"}],"author":[{"embeddable":true,"href":"https:\/\/keepontracking.com\/es\/wp-json\/wp\/v2\/users\/1"}],"replies":[{"embeddable":true,"href":"https:\/\/keepontracking.com\/es\/wp-json\/wp\/v2\/comments?post=24"}],"version-history":[{"count":5,"href":"https:\/\/keepontracking.com\/es\/wp-json\/wp\/v2\/pages\/24\/revisions"}],"predecessor-version":[{"id":18106,"href":"https:\/\/keepontracking.com\/es\/wp-json\/wp\/v2\/pages\/24\/revisions\/18106"}],"wp:featuredmedia":[{"embeddable":true,"href":"https:\/\/keepontracking.com\/es\/wp-json\/wp\/v2\/media\/17065"}],"wp:attachment":[{"href":"https:\/\/keepontracking.com\/es\/wp-json\/wp\/v2\/media?parent=24"}],"curies":[{"name":"wp","href":"https:\/\/api.w.org\/{rel}","templated":true}]}}